{"id":3231,"date":"2024-07-05T17:08:52","date_gmt":"2024-07-05T15:08:52","guid":{"rendered":"https:\/\/errotaldea.org\/?page_id=3231"},"modified":"2024-07-20T21:59:21","modified_gmt":"2024-07-20T19:59:21","slug":"nuestros-proyectos","status":"publish","type":"page","link":"https:\/\/errotaldea.org\/eu\/nuestros-proyectos\/","title":{"rendered":"Gure proiektuak"},"content":{"rendered":"<h6><strong>Sorkuntza eta autokontsumoa panel fotovoltaikoen bidez.<\/strong><\/h6>\r\n<p>Proiektu nagusia, baina ez bakarra, udal eraikinetako estalkietako panel fotovoltaikoen bidez elektrizitatea sortzea eta autokontsumoa da. 2024ko apirilean egindako gaitasun azterketan oinarrituta<a href=\"https:\/\/errotaldea.org\/wp-content\/uploads\/2024\/07\/KE23010-701_EstudioCapacidadFV_KISAR_v00_fdo.pdf\" target=\"_blank\" rel=\"noopener\">, <\/a>Ondorioztatu zen:<\/p>\r\n<p style=\"padding-left: 40px;\"><em>Unzu\u00e9\/Untzueko udal teilatuetako ahalmen fotovoltaikoa aztertu ondoren, izan daiteke<br \/>ondorioztatu teknologia hau instalatuta hauetan estaltzen dela ehuneko bat<br \/>elektrizitate berriztagarrien sorkuntza esanguratsua, egungo elektrizitate-kontsumoari dagokionez<br \/>udalerria.<br \/>Garrantzitsua da edozein belaunaldiko ekintza burutu aurretik, berrikuspena eta<br \/>udalerriko eraikin guztietan energia-eraginkortasuna hobetzea, baita sentsibilizazioa eta<br \/>biztanleria energia arloan prestatzea, sortutako eguzki-energia dela kontuan hartuta,<br \/>Elektrizitatearen kontsumoaren antzeko dimentsioa badu ere, sasoiko energia iturria da<br \/>udan neguan baino askoz produkzio handiagoa eta gauez ez.<\/em><\/p>\r\n\r\n<div data-wp-interactive=\"core\/file\">Gaitasun azterketa KISAR aholkularitza enpresak egin du, eta Artelan eta Arankoarekin batera Energia Komunitatea eratzeko parte hartze prozesua dinamizatu zuen.<\/div>\r\n<div class=\"wp-block-file\" style=\"text-align: center;\"><a class=\"wp-block-file__button wp-element-button\" href=\"https:\/\/errotaldea.org\/wp-content\/uploads\/2024\/07\/KE23010-701_EstudioCapacidadFV_KISAR_v00_fdo.pdf\" target=\"_blank\" rel=\"noopener\" download=\"\" aria-describedby=\"wp-block-file--media-a57f50c0-033a-489b-9a12-e8fc9b64a201\">Hemen dokumentua deskargatu dezakezu<\/a><\/div>\r\n<h6>Dagoeneko martxan da fotovoltaikoa<\/h6>\r\n<p>Konpainiak (SDRC Unzu\u00e9) dagoeneko badu instalazio fotovoltaiko txiki bat, eta ibilgailuak kargatzeko hornidura elektrikoa ere badu. Energia Komunitatean txertatzea aurreikusten da, urteko sorkuntza eta kontsumo grafiko honetan ikus daitezkeen desorekak orekatu ahal izateko (<em>Gaitasun Azterketa, KISAR<\/em>):<\/p>\r\n<p><img loading=\"lazy\" decoding=\"async\" class=\"aligncenter size-full wp-image-3236\" src=\"https:\/\/errotaldea.org\/wp-content\/uploads\/2024\/07\/Consumo-SDRC.png\" alt=\"\" width=\"724\" height=\"444\" srcset=\"https:\/\/errotaldea.org\/wp-content\/uploads\/2024\/07\/Consumo-SDRC.png 724w, https:\/\/errotaldea.org\/wp-content\/uploads\/2024\/07\/Consumo-SDRC-300x184.png 300w, https:\/\/errotaldea.org\/wp-content\/uploads\/2024\/07\/Consumo-SDRC-18x12.png 18w\" sizes=\"(max-width: 724px) 100vw, 724px\" \/><\/p>\r\n<p>Argi ikusten da udako hilabeteen eta gainerako urteen arteko ekoizpenaren eta kontsumoaren desoreka. SDRC Unzu\u00e9 instalazioak komunitateko ekipamenduetan txertatzeak desoreka hori zuzentzea ahalbidetuko du, guztion, Gizartearen eta etxeen mesederako.<\/p>\r\n<h6>Epe laburreko fotovoltaikoa.<\/h6>\r\n<div>Dagoeneko martxan dagoen lehen proiektuak frontoiaren teilatua estaliko du. Udal teilatuetan aztertutako kokapen guztien artean hirugarrena baino ez da, baina epe laburrean egiteko errazena. Autokontsumo elektrikoaren kudeaketari buruz asko ikasten lagunduko digu.<\/div>\r\n<div>\r\n<figure id=\"attachment_3235\" aria-describedby=\"caption-attachment-3235\" style=\"width: 745px\" class=\"wp-caption aligncenter\"><img loading=\"lazy\" decoding=\"async\" class=\"wp-image-3235 size-full\" src=\"https:\/\/errotaldea.org\/wp-content\/uploads\/2024\/07\/Cubiertas-municipales.png\" alt=\"\" width=\"745\" height=\"290\" srcset=\"https:\/\/errotaldea.org\/wp-content\/uploads\/2024\/07\/Cubiertas-municipales.png 745w, https:\/\/errotaldea.org\/wp-content\/uploads\/2024\/07\/Cubiertas-municipales-300x117.png 300w, https:\/\/errotaldea.org\/wp-content\/uploads\/2024\/07\/Cubiertas-municipales-18x7.png 18w\" sizes=\"(max-width: 745px) 100vw, 745px\" \/><figcaption id=\"caption-attachment-3235\" class=\"wp-caption-text\"><em>Udal teilatuetan Gaitasun Azterketa, KISAR<\/em><\/figcaption><\/figure>\r\n<\/div>\r\n<h6>Fotovoltaikoa epe ertainera.<\/h6>\r\n<p>Aurreko grafikoan ikus daitekeen moduan, Unzueko udal eraikinen ekoizpen fotovoltaiko nominalaren ahalmenaren 60% kortak egon daitezkeen tokian kontzentratzen da, araztegiaren ondoan. Dena den, boligrafoetan jartzeak oztopo bat du: zuntz-zementuzko estalkia amiantorik ez duen beste batekin ordezkatu behar da. Ordezkapen hori 2027an amaituko den legealdi honetan egitea aurreikusten da.<\/p>\r\n<h6>Ernetzeko beste proiektu batzuk.<\/h6>\r\n<ul>\r\n<li>Sorkuntza mini eolikoak egunsentiak eta gaueko orduak gutxien estaltzeko aukera emango liguke, eta horietan sorkuntza fotovoltaikoa nulua da baina etxeko kontsumoa saihestezina da. Futbol zelaiaren inguruan potentzia txiki edo ertaineko turbina bat edo batzuk jartzeko aukera aztertu da.<\/li>\r\n<li>Biltegiratzea. Ekoizpen fotovoltaikoaren eguneko asimetria kontuan hartuta, literalki denek jarraitzen dute biltegiratze teknologien bilakaera, baterien funtsean. Baina ez bateriak bakarrik. Gero eta merkatari gehiagok eskaintzen dizu erabiltzeko aukera <a href=\"https:\/\/www.xataka.com\/energia\/tarifas-electricas-baterias-virtuales-asi-sistema-gratuito-para-ahorrar-paneles-solares\" target=\"_blank\" rel=\"noopener\">bateria birtuala<\/a>, zero elektrizitate fakturan pentsatzea posible eginez.<\/li>\r\n<li>Basoko energia termikoa. Edo zer den berdina eta denok ulertuko dugu lehen aldiz, egur lote tradizionalak. Kasu honetan, ez da asmatutakoa asmatzea, baizik eta komunitatearen boterearen erabilera hobetzea, besteak beste, gabeziak zuzenduz:\r\n<ul>\r\n<li>egur loteen banaketaz baliatu ezin diren etxeak, erabiltzeko gaitasunik ez dutelako (motozerra, eskulana, bidalketa, biltegiratzea...).<\/li>\r\n<li>kontsumitzen dutena baino egur gehiago jasotzen duten etxeen eta jasotzen dutena baino egur gehiago kontsumi dezaketen etxeen arteko asimetria.<\/li>\r\n<\/ul>\r\n<\/li>\r\n<\/ul>\r\n<p>Eta nork daki beste zenbat gauza. Guztiak printzipio berberak gidatuta: guztion lankidetza eredu energetiko jasangarriagoa eta sozialki bidezkoagoa lortzeko.<\/p>\r\n<p style=\"text-align: right;\">\n<!-- mowomo-redes-sociales-icons-bar -->\n        <div class=\"mwm_rrss_contenedor mwm_rrss_appearance_6 mwm_rrss_alingment_3\">\n                            <a class=\"mwm_rrss mwm_twitter\" mwm-rrss-url=\"https:\/\/twitter.com\/intent\/tweet?text=Nuestros proyectos https:\/\/errotaldea.org\/eu\/nuestros-proyectos\/ v\u00eda @\"><i class=\"icon-rrss-twitter\"><\/i><\/a>\n            \n                            <a class=\"mwm_rrss mwm_facebook\" mwm-rrss-url=\"https:\/\/www.facebook.com\/sharer\/sharer.php?u=https:\/\/errotaldea.org\/eu\/nuestros-proyectos\/\"><i class=\"icon-rrss-facebook\"><\/i><\/a>\n            \n            \n            \n                            <a class=\"mwm_rrss mwm_whatsapp\" mwm-rrss-url=\"https:\/\/api.whatsapp.com\/send?text=Nuestros proyectos \u2013 https:\/\/errotaldea.org\/eu\/nuestros-proyectos\/\" ><i class=\"icon-rrss-whatsapp\"><\/i> <\/a>\n                    <\/div>\n    <\/p>","protected":false},"excerpt":{"rendered":"<p>Generaci\u00f3n y autoconsumo mediante placas fotovoltaicas. El proyecto principal, pero no el \u00fanico, es el de generaci\u00f3n y autoconsumo el\u00e9ctrico mediante placas fotovoltaicas en las cubiertas de los edificios municipales&#8230;. <\/p>","protected":false},"author":1,"featured_media":3235,"parent":0,"menu_order":0,"comment_status":"closed","ping_status":"closed","template":"","meta":{"_EventAllDay":false,"_EventTimezone":"","_EventStartDate":"","_EventEndDate":"","_EventStartDateUTC":"","_EventEndDateUTC":"","_EventShowMap":false,"_EventShowMapLink":false,"_EventURL":"","_EventCost":"","_EventCostDescription":"","_EventCurrencySymbol":"","_EventCurrencyCode":"","_EventCurrencyPosition":"","_EventDateTimeSeparator":"","_EventTimeRangeSeparator":"","_EventOrganizerID":[],"_EventVenueID":[],"_OrganizerEmail":"","_OrganizerPhone":"","_OrganizerWebsite":"","_VenueAddress":"","_VenueCity":"","_VenueCountry":"","_VenueProvince":"","_VenueState":"","_VenueZip":"","_VenuePhone":"","_VenueURL":"","_VenueStateProvince":"","_VenueLat":"","_VenueLng":"","_VenueShowMap":false,"_VenueShowMapLink":false,"jetpack_post_was_ever_published":false,"_mc_calendar":[],"footnotes":""},"class_list":["post-3231","page","type-page","status-publish","has-post-thumbnail","hentry"],"jetpack_sharing_enabled":true,"_links":{"self":[{"href":"https:\/\/errotaldea.org\/eu\/wp-json\/wp\/v2\/pages\/3231"}],"collection":[{"href":"https:\/\/errotaldea.org\/eu\/wp-json\/wp\/v2\/pages"}],"about":[{"href":"https:\/\/errotaldea.org\/eu\/wp-json\/wp\/v2\/types\/page"}],"author":[{"embeddable":true,"href":"https:\/\/errotaldea.org\/eu\/wp-json\/wp\/v2\/users\/1"}],"replies":[{"embeddable":true,"href":"https:\/\/errotaldea.org\/eu\/wp-json\/wp\/v2\/comments?post=3231"}],"version-history":[{"count":7,"href":"https:\/\/errotaldea.org\/eu\/wp-json\/wp\/v2\/pages\/3231\/revisions"}],"predecessor-version":[{"id":3391,"href":"https:\/\/errotaldea.org\/eu\/wp-json\/wp\/v2\/pages\/3231\/revisions\/3391"}],"wp:featuredmedia":[{"embeddable":true,"href":"https:\/\/errotaldea.org\/eu\/wp-json\/wp\/v2\/media\/3235"}],"wp:attachment":[{"href":"https:\/\/errotaldea.org\/eu\/wp-json\/wp\/v2\/media?parent=3231"}],"curies":[{"name":"wp","href":"https:\/\/api.w.org\/{rel}","templated":true}]}}