{"id":3212,"date":"2024-07-04T23:12:24","date_gmt":"2024-07-04T21:12:24","guid":{"rendered":"https:\/\/errotaldea.org\/?page_id=3212"},"modified":"2024-07-20T21:47:28","modified_gmt":"2024-07-20T19:47:28","slug":"como-hemos-llegado-hasta-aqui","status":"publish","type":"page","link":"https:\/\/errotaldea.org\/eu\/como-hemos-llegado-hasta-aqui\/","title":{"rendered":"Nola iritsi ginen hona"},"content":{"rendered":"<ol>\n<li>2015-2019 legealdian, Untzuek, Estatuko eta Europar Batasuneko beste hainbat udalek bezala, Alkateen Ituna deritzona sinatu zuen, 2030 Agendarako Europar Batasunaren Garapen Iraunkorreko 17 Helburuak bere gain hartuz. <a href=\"https:\/\/www.navarra.es\/es\/noticias\/2020\/03\/05\/104-localidades-navarras-se-han-adherido-en-un-ano-al-pacto-de-alcaldias-por-el-clima-y-la-energia\" target=\"_blank\" rel=\"noopener\">Nafarroan 100 udal baino gehiago zeuden<\/a> biztanleriaren 76,7% multzokatuz.<\/li>\n<li>2022 eta 2023 urteetan elektrizitatearen prezioen igoera basatiak panel fotovoltaikoen bidez autokontsumorako interesa piztu zuen. Are gehiago, Erdi Zonako Garapen Partzuergoaren dibulgazio aurkezpen bat egin zen Unzu\u00e9-n, eta bertan lehen zailtasuna agertu zen jada: Unzu\u00e9 hiri-eremuaren zati handi bat panel fotovoltaikoak jartzea galarazten duen Pr\u00edncipe de Viana araudiak babesten du.<\/li>\n<li>Udalak, bide komunitarioa sustatzeko, kanpoko aholkularitza kontratatu zion Artelan-Arankoa-Kisar taldeari 2024. urte hasieran. <a href=\"https:\/\/www.artelan.eu\/\" target=\"_blank\" rel=\"noopener\">Artelan<\/a> parte hartze prozesua dinamizatzeaz arduratu zen, <a href=\"https:\/\/arankoa.com\/\" target=\"_blank\" rel=\"noopener\">Arankoa<\/a> aholkularitza juridiko-juridikoa eta <a href=\"https:\/\/www.kisar.eu\/\" target=\"_blank\" rel=\"noopener\">Kisar<\/a> energia berriztagarriei buruzko aholkularitza teknikoa.<\/li>\n<li>Herritarrei ekimenaren aurkezpena 2024ko otsailaren 16an izan zen, Ikastetxeetan, eta berrogeita hamar bizilagun inguru bertaratu ziren. Hortik sortu zen, parte hartze prozesuari dagokionez, deitzen zena\u00a0<em>Motor Taldea<\/em>: ia hogei pertsona, azkenean, asistentzia eta inplikazio eskakizunengatik 15era murriztu ziren.<\/li>\n<li>Otsailaren 16an hasitako parte hartze prozesua ekainaren 10ean amaitu zen, 9 bileraren ostean, ERROTALDEA Kooperatiba hau eratzeko Estatutuen proiektua onartuta.<\/li>\n<li>Ekainaren 25ean aurkezpen publikoa egin zitzaien Unzueko bizilagunei, Ikastetxeetan,<\/li>\n<li>Eta uztailaren 2an Errotaldea Energia Mankomunitatearen, Kooperatiba Elkartearen asanblada eratzailea egin zen.<\/li>\n<\/ol>\n<p>Momentu honetan, Kooperatiba Kooperatiben Erregistroan izapideen zain dago.<\/p>\n<p style=\"text-align: right;\">\n<!-- mowomo-redes-sociales-icons-bar -->\n        <div class=\"mwm_rrss_contenedor mwm_rrss_appearance_6 mwm_rrss_alingment_3\">\n                            <a class=\"mwm_rrss mwm_twitter\" mwm-rrss-url=\"https:\/\/twitter.com\/intent\/tweet?text=C\u00f3mo hemos llegado hasta aqu\u00ed https:\/\/errotaldea.org\/eu\/como-hemos-llegado-hasta-aqui\/ v\u00eda @\"><i class=\"icon-rrss-twitter\"><\/i><\/a>\n            \n                            <a class=\"mwm_rrss mwm_facebook\" mwm-rrss-url=\"https:\/\/www.facebook.com\/sharer\/sharer.php?u=https:\/\/errotaldea.org\/eu\/como-hemos-llegado-hasta-aqui\/\"><i class=\"icon-rrss-facebook\"><\/i><\/a>\n            \n            \n            \n                            <a class=\"mwm_rrss mwm_whatsapp\" mwm-rrss-url=\"https:\/\/api.whatsapp.com\/send?text=C\u00f3mo hemos llegado hasta aqu\u00ed \u2013 https:\/\/errotaldea.org\/eu\/como-hemos-llegado-hasta-aqui\/\" ><i class=\"icon-rrss-whatsapp\"><\/i> <\/a>\n                    <\/div>\n    <\/p>","protected":false},"excerpt":{"rendered":"<p>2015-2019 legegintzaldian, Unzu\u00e9k, Espainiako eta Europar Batasuneko beste udalerri askok bezala, Alkateen Ituna sinatu zuen, Garapen Iraunkorreko 17 Helburuak onartuz... <\/p>","protected":false},"author":1,"featured_media":3223,"parent":0,"menu_order":0,"comment_status":"closed","ping_status":"closed","template":"","meta":{"_EventAllDay":false,"_EventTimezone":"","_EventStartDate":"","_EventEndDate":"","_EventStartDateUTC":"","_EventEndDateUTC":"","_EventShowMap":false,"_EventShowMapLink":false,"_EventURL":"","_EventCost":"","_EventCostDescription":"","_EventCurrencySymbol":"","_EventCurrencyCode":"","_EventCurrencyPosition":"","_EventDateTimeSeparator":"","_EventTimeRangeSeparator":"","_EventOrganizerID":[],"_EventVenueID":[],"_OrganizerEmail":"","_OrganizerPhone":"","_OrganizerWebsite":"","_VenueAddress":"","_VenueCity":"","_VenueCountry":"","_VenueProvince":"","_VenueState":"","_VenueZip":"","_VenuePhone":"","_VenueURL":"","_VenueStateProvince":"","_VenueLat":"","_VenueLng":"","_VenueShowMap":false,"_VenueShowMapLink":false,"jetpack_post_was_ever_published":false,"_mc_calendar":[],"footnotes":""},"class_list":["post-3212","page","type-page","status-publish","has-post-thumbnail","hentry"],"jetpack_sharing_enabled":true,"_links":{"self":[{"href":"https:\/\/errotaldea.org\/eu\/wp-json\/wp\/v2\/pages\/3212"}],"collection":[{"href":"https:\/\/errotaldea.org\/eu\/wp-json\/wp\/v2\/pages"}],"about":[{"href":"https:\/\/errotaldea.org\/eu\/wp-json\/wp\/v2\/types\/page"}],"author":[{"embeddable":true,"href":"https:\/\/errotaldea.org\/eu\/wp-json\/wp\/v2\/users\/1"}],"replies":[{"embeddable":true,"href":"https:\/\/errotaldea.org\/eu\/wp-json\/wp\/v2\/comments?post=3212"}],"version-history":[{"count":6,"href":"https:\/\/errotaldea.org\/eu\/wp-json\/wp\/v2\/pages\/3212\/revisions"}],"predecessor-version":[{"id":3389,"href":"https:\/\/errotaldea.org\/eu\/wp-json\/wp\/v2\/pages\/3212\/revisions\/3389"}],"wp:featuredmedia":[{"embeddable":true,"href":"https:\/\/errotaldea.org\/eu\/wp-json\/wp\/v2\/media\/3223"}],"wp:attachment":[{"href":"https:\/\/errotaldea.org\/eu\/wp-json\/wp\/v2\/media?parent=3212"}],"curies":[{"name":"wp","href":"https:\/\/api.w.org\/{rel}","templated":true}]}}