{"id":2365,"date":"2024-07-05T07:48:21","date_gmt":"2024-07-05T05:48:21","guid":{"rendered":"https:\/\/errotaldea.org\/?page_id=2365"},"modified":"2024-07-20T21:18:32","modified_gmt":"2024-07-20T19:18:32","slug":"contacto","status":"publish","type":"page","link":"https:\/\/errotaldea.org\/eu\/contacto\/","title":{"rendered":"Harremanetan jarri"},"content":{"rendered":"<p>Si lo que quieres es simplemente mantenerte al d\u00eda de lo que publicamos en esta web, basta con que rellenes la Suscripci\u00f3n que sigue.<\/p>\n<p>[newsletter_form]<\/p>\n<hr \/>\n<p>Pero si nuestro proyecto te interesa por alg\u00fan otro motivo, rellena y env\u00eda el siguiente cuestionario y te atenderemos lo m\u00e1s pronto posible.<\/p>\n\n<div class=\"wpcf7 no-js\" id=\"wpcf7-f2517-o1\" lang=\"es-ES\" dir=\"ltr\" data-wpcf7-id=\"2517\">\n<div class=\"screen-reader-response\"><p role=\"status\" aria-live=\"polite\" aria-atomic=\"true\"><\/p> <ul><\/ul><\/div>\n<form action=\"\/eu\/wp-json\/wp\/v2\/pages\/2365#wpcf7-f2517-o1\" method=\"post\" class=\"wpcf7-form init\" aria-label=\"Formulario de contacto\" novalidate=\"novalidate\" data-status=\"init\">\n<div style=\"display: none;\">\n<input type=\"hidden\" name=\"_wpcf7\" value=\"2517\" \/>\n<input type=\"hidden\" name=\"_wpcf7_version\" value=\"6.0.6\" \/>\n<input type=\"hidden\" name=\"_wpcf7_locale\" value=\"es_ES\" \/>\n<input type=\"hidden\" name=\"_wpcf7_unit_tag\" value=\"wpcf7-f2517-o1\" \/>\n<input type=\"hidden\" name=\"_wpcf7_container_post\" value=\"0\" \/>\n<input type=\"hidden\" name=\"_wpcf7_posted_data_hash\" value=\"\" \/>\n<input type=\"hidden\" name=\"_wpcf7_recaptcha_response\" value=\"\" \/>\n<\/div>\n<p><label> Tu nombre<br \/>\n<span class=\"wpcf7-form-control-wrap\" data-name=\"your-name\"><input size=\"40\" maxlength=\"400\" class=\"wpcf7-form-control wpcf7-text wpcf7-validates-as-required\" autocomplete=\"name\" aria-required=\"true\" aria-invalid=\"false\" value=\"\" type=\"text\" name=\"your-name\" \/><\/span> <\/label>\n<\/p>\n<p><label> Tu correo electr\u00f3nico<br \/>\n<span class=\"wpcf7-form-control-wrap\" data-name=\"your-email\"><input size=\"40\" maxlength=\"400\" class=\"wpcf7-form-control wpcf7-email wpcf7-validates-as-required wpcf7-text wpcf7-validates-as-email\" autocomplete=\"email\" aria-required=\"true\" aria-invalid=\"false\" value=\"\" type=\"email\" name=\"your-email\" \/><\/span> <\/label>\n<\/p>\n<p><label> Asunto<br \/>\n<span class=\"wpcf7-form-control-wrap\" data-name=\"your-subject\"><input size=\"40\" maxlength=\"400\" class=\"wpcf7-form-control wpcf7-text wpcf7-validates-as-required\" aria-required=\"true\" aria-invalid=\"false\" value=\"\" type=\"text\" name=\"your-subject\" \/><\/span> <\/label>\n<\/p>\n<p><label> Tu mensaje<br \/>\n<span class=\"wpcf7-form-control-wrap\" data-name=\"your-message\"><textarea cols=\"40\" rows=\"10\" maxlength=\"2000\" class=\"wpcf7-form-control wpcf7-textarea\" aria-invalid=\"false\" name=\"your-message\"><\/textarea><\/span> <\/label>\n<\/p>\n<p><span class=\"wpcf7-form-control-wrap\" data-name=\"checkbox-732\"><span class=\"wpcf7-form-control wpcf7-checkbox wpcf7-validates-as-required\"><span class=\"wpcf7-list-item first last\"><label><input type=\"checkbox\" name=\"checkbox-732[]\" value=\"He le\u00eddo y acepto la\" \/><span class=\"wpcf7-list-item-label\">He le\u00eddo y acepto la<\/span><\/label><\/span><\/span><\/span><a href=\"https:\/\/errotaldea.org\/politica-de-privacidad\/\"> Pol\u00edtica de Privacidad <\/a>\n<\/p>\n<p>ERROTALDEA S.COOP., como responsable del tratamiento, le informa que sus datos son recabados con la finalidad de responder a la petici\u00f3n del solicitante mediante el env\u00edo v\u00eda email de cualquier documento o informaci\u00f3n pertinente. La base jur\u00eddica para el tratamiento es el consentimiento del interesado. Sus datos no se ceder\u00e1n a terceros salvo obligaci\u00f3n legal. Cualquier persona tiene derecho a solicitar el acceso, rectificaci\u00f3n, supresi\u00f3n, limitaci\u00f3n del tratamiento ,oposici\u00f3n o derecho a la portabilidad de sus datos personales, escribi\u00e9ndonos a la direcci\u00f3n de nuestras oficinas, o enviando un correo electr\u00f3nico a c.e.errotaldea@gmail.com, indicando el derecho que desea ejercer. Puede obtener informaci\u00f3n en nuestra pol\u00edtica de privacidad.\n<\/p>\n<p><input class=\"wpcf7-form-control wpcf7-submit has-spinner\" type=\"submit\" value=\"Enviar\" \/>\n<\/p><div class=\"wpcf7-response-output\" aria-hidden=\"true\"><\/div>\n<\/form>\n<\/div>\n\n<p>&nbsp;<\/p>\n","protected":false},"excerpt":{"rendered":"<p>Si lo que quieres es simplemente mantenerte al d\u00eda de lo que publicamos en esta web, basta con que rellenes la Suscripci\u00f3n que sigue. [newsletter_form] Pero si nuestro proyecto te&#8230; <\/p>\n","protected":false},"author":1,"featured_media":2744,"parent":0,"menu_order":0,"comment_status":"closed","ping_status":"closed","template":"","meta":{"_EventAllDay":false,"_EventTimezone":"","_EventStartDate":"","_EventEndDate":"","_EventStartDateUTC":"","_EventEndDateUTC":"","_EventShowMap":false,"_EventShowMapLink":false,"_EventURL":"","_EventCost":"","_EventCostDescription":"","_EventCurrencySymbol":"","_EventCurrencyCode":"","_EventCurrencyPosition":"","_EventDateTimeSeparator":"","_EventTimeRangeSeparator":"","_EventOrganizerID":[],"_EventVenueID":[],"_OrganizerEmail":"","_OrganizerPhone":"","_OrganizerWebsite":"","_VenueAddress":"","_VenueCity":"","_VenueCountry":"","_VenueProvince":"","_VenueState":"","_VenueZip":"","_VenuePhone":"","_VenueURL":"","_VenueStateProvince":"","_VenueLat":"","_VenueLng":"","_VenueShowMap":false,"_VenueShowMapLink":false,"jetpack_post_was_ever_published":false,"_mc_calendar":[],"footnotes":""},"class_list":["post-2365","page","type-page","status-publish","has-post-thumbnail","hentry"],"jetpack_sharing_enabled":true,"_links":{"self":[{"href":"https:\/\/errotaldea.org\/eu\/wp-json\/wp\/v2\/pages\/2365"}],"collection":[{"href":"https:\/\/errotaldea.org\/eu\/wp-json\/wp\/v2\/pages"}],"about":[{"href":"https:\/\/errotaldea.org\/eu\/wp-json\/wp\/v2\/types\/page"}],"author":[{"embeddable":true,"href":"https:\/\/errotaldea.org\/eu\/wp-json\/wp\/v2\/users\/1"}],"replies":[{"embeddable":true,"href":"https:\/\/errotaldea.org\/eu\/wp-json\/wp\/v2\/comments?post=2365"}],"version-history":[{"count":10,"href":"https:\/\/errotaldea.org\/eu\/wp-json\/wp\/v2\/pages\/2365\/revisions"}],"predecessor-version":[{"id":3379,"href":"https:\/\/errotaldea.org\/eu\/wp-json\/wp\/v2\/pages\/2365\/revisions\/3379"}],"wp:featuredmedia":[{"embeddable":true,"href":"https:\/\/errotaldea.org\/eu\/wp-json\/wp\/v2\/media\/2744"}],"wp:attachment":[{"href":"https:\/\/errotaldea.org\/eu\/wp-json\/wp\/v2\/media?parent=2365"}],"curies":[{"name":"wp","href":"https:\/\/api.w.org\/{rel}","templated":true}]}}