{"id":1642,"date":"2024-07-03T17:17:31","date_gmt":"2024-07-03T15:17:31","guid":{"rendered":"https:\/\/errotaldea.org\/?page_id=1642"},"modified":"2025-05-11T17:32:24","modified_gmt":"2025-05-11T15:32:24","slug":"politica-de-privacidad","status":"publish","type":"page","link":"https:\/\/errotaldea.org\/eu\/politica-de-privacidad\/","title":{"rendered":"Pribatutasun politika"},"content":{"rendered":"<p><strong>Nor da zure datuen arduraduna?<\/strong><\/p>\n<p>Webgune honetan estekatutako edo txertatutako edozein formularioren bidez eman dizkiguzun datu pertsonalak Comunidad Energ\u00e9tica ERROTALDEA S.Coop-ek prozesatuko ditu. F71518088 IFZarekin eta helbidea Arizu Plaza, 1 \u2013 31396, UNZU\u00c9\/UNTZUE (Nafarroa).<\/p>\n<p><strong>Zeintzuk dira zure eskubideak zure datuak ematen dizkiguzunean?<\/strong><\/p>\n<p>Edozein pertsonak eskubidea du bere datu pertsonalak atzitzeko, zuzentzeko, ezabatzeko, tratamendua mugatzeko, aurka egiteko edo eramangarri izateko eskubidea eskatzeko, gure bulegoko helbidera idatziz edo mezu elektroniko bat bidaliz. <a href=\"mailto:c.e.errotaldea@gmail.com\">c.e.errotaldea@gmail.com<\/a>, erabili nahi duzun eskubidea adieraziz.<\/p>\n<p>Emandako baimena edozein unetan kentzeko eskubidea ere izango dute. Baimena kentzeak ez dio eragingo baimen hori kendu aurretik egindako tratamenduaren legezkotasunari.<\/p>\n<p>Eskubidea duzu kontrol-agintaritzan erreklamazio bat aurkezteko, zure datu pertsonalen babesari buruzko zure eskubideak urratu egin direla uste baduzu.<\/p>\n<p><strong>Zein helbururekin tratatzen ditugu zure datu pertsonalak?<\/strong><\/p>\n<p>Eskatutako zerbitzua emateko beharrezkoak dira ematen dituzun datuak, eta honako hauetako bat izan daiteke:<\/p>\n<ol>\n<li>Komunikazioa buletinaren bidez.<\/li>\n<li>Kooperatiban izena emateko eskaera izapidetzeko beharrezkoak diren datuak.<\/li>\n<li>Kooperatibaren helburuekin lotutako datu estatistikoak, hala nola energia-kontsumoaren inkestak.<\/li>\n<\/ol>\n<p><strong>Noiz arte gordeko ditugu zure datuak?<\/strong><\/p>\n<p>Emandako datu pertsonalak aurreikusitako helbururako beharrezkoak diren bitartean gordeko dira.<\/p>\n<p><strong>Zein da datuen tratamendurako zilegitasuna?<\/strong><\/p>\n<p>Lege-oinarria interesdunaren baimena da harremanetarako datuak ematerakoan.<\/p>\n<p><strong>Zein hartzaileri helaraziko zaizkie zure datuak?<\/strong><\/p>\n<p>Zure datuak ez zaizkie hirugarrenei lagako legezko betebeharretan izan ezik.<\/p>","protected":false},"excerpt":{"rendered":"<p>\u00bfQui\u00e9n es el responsable de sus datos ? Los datos personales que usted pudiera habernos aportado a trav\u00e9s de cualquier formulario enlazado o insertado en esta web, ser\u00e1n tratados por&#8230; <\/p>","protected":false},"author":1,"featured_media":3761,"parent":0,"menu_order":0,"comment_status":"closed","ping_status":"closed","template":"","meta":{"_EventAllDay":false,"_EventTimezone":"","_EventStartDate":"","_EventEndDate":"","_EventStartDateUTC":"","_EventEndDateUTC":"","_EventShowMap":false,"_EventShowMapLink":false,"_EventURL":"","_EventCost":"","_EventCostDescription":"","_EventCurrencySymbol":"","_EventCurrencyCode":"","_EventCurrencyPosition":"","_EventDateTimeSeparator":"","_EventTimeRangeSeparator":"","_EventOrganizerID":[],"_EventVenueID":[],"_OrganizerEmail":"","_OrganizerPhone":"","_OrganizerWebsite":"","_VenueAddress":"","_VenueCity":"","_VenueCountry":"","_VenueProvince":"","_VenueState":"","_VenueZip":"","_VenuePhone":"","_VenueURL":"","_VenueStateProvince":"","_VenueLat":"","_VenueLng":"","_VenueShowMap":false,"_VenueShowMapLink":false,"jetpack_post_was_ever_published":false,"_mc_calendar":[],"footnotes":""},"class_list":["post-1642","page","type-page","status-publish","has-post-thumbnail","hentry"],"jetpack_sharing_enabled":true,"_links":{"self":[{"href":"https:\/\/errotaldea.org\/eu\/wp-json\/wp\/v2\/pages\/1642"}],"collection":[{"href":"https:\/\/errotaldea.org\/eu\/wp-json\/wp\/v2\/pages"}],"about":[{"href":"https:\/\/errotaldea.org\/eu\/wp-json\/wp\/v2\/types\/page"}],"author":[{"embeddable":true,"href":"https:\/\/errotaldea.org\/eu\/wp-json\/wp\/v2\/users\/1"}],"replies":[{"embeddable":true,"href":"https:\/\/errotaldea.org\/eu\/wp-json\/wp\/v2\/comments?post=1642"}],"version-history":[{"count":9,"href":"https:\/\/errotaldea.org\/eu\/wp-json\/wp\/v2\/pages\/1642\/revisions"}],"predecessor-version":[{"id":3762,"href":"https:\/\/errotaldea.org\/eu\/wp-json\/wp\/v2\/pages\/1642\/revisions\/3762"}],"wp:featuredmedia":[{"embeddable":true,"href":"https:\/\/errotaldea.org\/eu\/wp-json\/wp\/v2\/media\/3761"}],"wp:attachment":[{"href":"https:\/\/errotaldea.org\/eu\/wp-json\/wp\/v2\/media?parent=1642"}],"curies":[{"name":"wp","href":"https:\/\/api.w.org\/{rel}","templated":true}]}}